{"id":9997,"date":"2025-07-30T09:49:13","date_gmt":"2025-07-30T09:49:13","guid":{"rendered":"https:\/\/relyberry.com\/politica-de-transport\/"},"modified":"2025-07-30T09:49:25","modified_gmt":"2025-07-30T09:49:25","slug":"politica-de-transport","status":"publish","type":"page","link":"https:\/\/relyberry.com\/en\/politica-de-transport\/","title":{"rendered":"Politica de Transport"},"content":{"rendered":"\n<p><strong>Transport<\/strong><\/p>\n<p><strong>1 Taxa de transport<\/strong><\/p>\n<p>Comanda minim\u0103 este de 65 de RON. Pentru comenzile sub 250 de RON, taxa de livrare este\nde 18 RON. Comenzile de peste 250 de RON beneficiaz\u0103 de livrare gratuit\u0103.  <\/p>\n<p><strong>1.1 Tax\u0103\/greutate<\/strong><\/p>\n<p>PLAZMONTECH livreaz\u0103, f\u0103r\u0103 costuri suplimentare, comenzile ce au o greutate maxim\u0103 de\n20 , 00 kg. \u00cen cazul \u00een care comanda dep\u0103\u0219e\u0219te greutatea de 20 , 00 kg, se va percepe o tax\u0103\nsuplimentar\u0103 de 1 RON pentru fiecare kilogram \u00een plus. Aceast\u0103 tax\u0103 de greutate este valabil\u0103\ndoar pentru comenzile cu livrare rapid\u0103.  <\/p>\n<p>Toate informa\u021biile cu privire la valoarea comenzii, greutatea total\u0103, valoarea taxei de livrare \u0219i\na taxei de greutate sunt disponibile \u00een orice moment \u00een co\u0219ul de cump\u0103r\u0103turi al clientului.<\/p>\n<p>PLAZMONTECH \u00ee\u0219i rezerv\u0103 dreptul de a anula o comand\u0103 \u00een urm\u0103toarele cazuri:<\/p>\n<ul>\n<li>invalidarea tranzac\u021biei de c\u0103tre procesatorul de carduri, agreat de PLAZMONTECH;<\/li>\n<li>existen\u021ba unui liTgiu cu clientul;<\/li>\n<li>mai multe produse lipsesc din stoc din comanda respecTv\u0103.<\/li>\n<\/ul>\n<p>\u00cen totate cazurile, PLAZMONTECH will inform Clientul despre situa\u021bia ivit\u0103 prin e-mail sau prin\ntelefon.<\/p>\n\n","protected":false},"excerpt":{"rendered":"<p>Transport 1 Taxa de transport Comanda minim\u0103 este de 65 de RON. Pentru comenzile sub 250 de RON, taxa de livrare este de 18 RON. Comenzile de peste 250 de RON beneficiaz\u0103 de livrare gratuit\u0103. 1.1 Tax\u0103\/greutate PLAZMONTECH livreaz\u0103, f\u0103r\u0103 costuri suplimentare, comenzile ce au o greutate maxim\u0103 de 20 , 00 kg. \u00cen cazul [&hellip;]<\/p>\n","protected":false},"author":1,"featured_media":0,"parent":0,"menu_order":0,"comment_status":"closed","ping_status":"closed","template":"","meta":{"footnotes":""},"class_list":["post-9997","page","type-page","status-publish","hentry"],"_links":{"self":[{"href":"https:\/\/relyberry.com\/en\/wp-json\/wp\/v2\/pages\/9997","targetHints":{"allow":["GET"]}}],"collection":[{"href":"https:\/\/relyberry.com\/en\/wp-json\/wp\/v2\/pages"}],"about":[{"href":"https:\/\/relyberry.com\/en\/wp-json\/wp\/v2\/types\/page"}],"author":[{"embeddable":true,"href":"https:\/\/relyberry.com\/en\/wp-json\/wp\/v2\/users\/1"}],"replies":[{"embeddable":true,"href":"https:\/\/relyberry.com\/en\/wp-json\/wp\/v2\/comments?post=9997"}],"version-history":[{"count":1,"href":"https:\/\/relyberry.com\/en\/wp-json\/wp\/v2\/pages\/9997\/revisions"}],"predecessor-version":[{"id":10003,"href":"https:\/\/relyberry.com\/en\/wp-json\/wp\/v2\/pages\/9997\/revisions\/10003"}],"wp:attachment":[{"href":"https:\/\/relyberry.com\/en\/wp-json\/wp\/v2\/media?parent=9997"}],"curies":[{"name":"wp","href":"https:\/\/api.w.org\/{rel}","templated":true}]}}