{"id":10007,"date":"2025-07-30T09:50:49","date_gmt":"2025-07-30T09:50:49","guid":{"rendered":"https:\/\/relyberry.com\/?page_id=10007"},"modified":"2025-07-30T09:50:52","modified_gmt":"2025-07-30T09:50:52","slug":"politica-de-plata","status":"publish","type":"page","link":"https:\/\/relyberry.com\/ro\/politica-de-plata\/","title":{"rendered":"Politica de Plat\u0103"},"content":{"rendered":"\n<p><strong>Plat\u0103<\/strong><\/p>\n<p><strong>PLATA PRODUSELOR<\/strong><\/p>\n<p>Niciodat\u0103 sumele \u00eencasate nu vor fi considerate ca depozite \u00een cont.<\/p>\n<p><strong>1. Metode de plat\u0103<\/strong><\/p>\n<p><strong>1.1 Card bancar<\/strong><\/p>\n<p>PLAZMONTECH accept\u0103 plata prin intermediul urm\u0103toarelor carduri bancare de debit sau\ncredit: Visa, MasterCard, Maestro, Visa Electron. Procesatorul de plat\u0103 agreat de noi este\nNETOPIA Payments.<\/p>\n<p>Suma de plat\u0103 pentru comanda validat\u0103 va fi blocat\u0103 pe cardul \u00eenregistrat. Suma asIel blocat\u0103\nva fi retras\u0103 \u00een momentul \u00een care Clientul intr\u0103 \u00een posesia produselor comandate. Aceast\u0103 sum\u0103\nnu poate fi mai mare dec\u00e2t suma blocat\u0103 ini\u021bial \u00een momentul valid\u0103rii comenzii. Diferen\u021ba\ndintre fondurile blocate \u0219i cele pl\u0103Ote efecOv se va debloca \u00een maxim 5 (cinci) zile lucr\u0103toare\nde la primirea produselor (diferen\u021ba valoric\u0103 poate proveni, de exemplu, de la produsele cu\ngreutate variabil\u0103 sau din lipsa stocurilor). Termenul \u00een care banca emitent\u0103 a cardului\ndeblocheaz\u0103\/crediteaz\u0103 suma, \u00een contul clientului, nu poate fi esOmat\/controlat de c\u0103tre\nPLAZMONTECH \u0219i poate diferi de la o banc\u0103 la alta.<\/p>\n<p><strong>1.2 Ordin de plata<\/strong><\/p>\n<p>Pentru op\u021biunea de plat\u0103 prin transfer bancar, ziua de livrare a produselor este condi\u021bionat\u0103\nde momentul \u00een care contul nostru bancar va fi debitat cu valoarea comenzii dumneavoastr\u0103.<\/p>\n<p>transferul bancar va fi efectuat de c\u0103tre banc\u0103.\nServiciul folose\u0219te sistemul de plata NETOPIA Payments.<\/p>\n<p><strong>2. Lipsa pl\u0103\u021bii\/Probleme \u00eent\u00e2mpinate la plat\u0103<\/strong><\/p>\n<p>Clientul garanteaz\u0103 PLAZMONTECH ca modul de plat\u0103 uOlizat este valid \u0219i c\u0103 nu este ob\u021binut\nprintr-o metod\u0103 frauduloas\u0103.<\/p>\n<p>PLAZMONTECH \u00ee\u0219i rezerv\u0103 dreptul de a suspenda\/anula orice comand\u0103\/livrare asupra c\u0103reia\nexist\u0103 suspiciuni cu privire la plat\u0103.<\/p>\n<p>PLAZMONTECH \u00ee\u0219i rezerv\u0103 dreptul de a suspenda\/anula toate comenzile\/livr\u0103rile \u00een cazul\nrefuzului efectu\u0103rii pl\u0103\u021bii de c\u0103tre insOtu\u021biile financiar-bancare.<\/p>\n<p><strong>3. Securizarea metodelor de plat\u0103<\/strong><\/p>\n<p>Toate tranzac\u021biile bancare de pe site vor fi efectuate \u00eentr-un mediu securizat, NETOPIA\nPayments \u2013 partenerul PLAZMONTECH este garantul acestuia, \u0219i se oblig\u0103 s\u0103 protejeze datele\n\u0219i informa\u021biile personale precum \u0219i modalit\u0103\u021bile de plat\u0103 online.<\/p>\n<p>Informa\u021biile introduse \u00een vederea efectu\u0103rii pl\u0103\u021bii (cum ar fi de ex. numele \u0219i num\u0103rul cardului,\ndata valabilit\u0103\u021bii acestuia) nu vor fi stocate pe serverele PLAZMONTECH, colectarea, prelurarea\n\u0219i \u0219tergerea acestora cad \u00een sarcina NETOPIA Payments.<\/p>\n<p><strong>4. Bonul fiscal \u0219i Factura Fiscal\u0103<\/strong><\/p>\n<p>Bonul fiscal va fi eliberat pentru fiecare comand\u0103 \u00een parte \u0219i va \u00eenso\u021bi produsele livrate.\nFactura Fiscal\u0103 aferent\u0103 unei comenzi online este \u00een format electronic \u0219i va putea fi\ndescarcat\u0103 din contul clientului dac\u0103 este persoan\u0103 fizic\u0103 sau din SPV dac\u0103 este client\npersoan\u0103 juridic\u0103 dup\u0103 3 zile de la primirea comenzii.<\/p>\n\n","protected":false},"excerpt":{"rendered":"<p>Plat\u0103 PLATA PRODUSELOR Niciodat\u0103 sumele \u00eencasate nu vor fi considerate ca depozite \u00een cont. 1. Metode de plat\u0103 1.1 Card bancar PLAZMONTECH accept\u0103 plata prin intermediul urm\u0103toarelor carduri bancare de debit sau credit: Visa, MasterCard, Maestro, Visa Electron. Procesatorul de plat\u0103 agreat de noi este NETOPIA Payments. Suma de plat\u0103 pentru comanda validat\u0103 va fi [&hellip;]<\/p>\n","protected":false},"author":1,"featured_media":0,"parent":0,"menu_order":0,"comment_status":"closed","ping_status":"closed","template":"","meta":{"footnotes":""},"class_list":["post-10007","page","type-page","status-publish","hentry"],"_links":{"self":[{"href":"https:\/\/relyberry.com\/ro\/wp-json\/wp\/v2\/pages\/10007","targetHints":{"allow":["GET"]}}],"collection":[{"href":"https:\/\/relyberry.com\/ro\/wp-json\/wp\/v2\/pages"}],"about":[{"href":"https:\/\/relyberry.com\/ro\/wp-json\/wp\/v2\/types\/page"}],"author":[{"embeddable":true,"href":"https:\/\/relyberry.com\/ro\/wp-json\/wp\/v2\/users\/1"}],"replies":[{"embeddable":true,"href":"https:\/\/relyberry.com\/ro\/wp-json\/wp\/v2\/comments?post=10007"}],"version-history":[{"count":1,"href":"https:\/\/relyberry.com\/ro\/wp-json\/wp\/v2\/pages\/10007\/revisions"}],"predecessor-version":[{"id":10011,"href":"https:\/\/relyberry.com\/ro\/wp-json\/wp\/v2\/pages\/10007\/revisions\/10011"}],"wp:attachment":[{"href":"https:\/\/relyberry.com\/ro\/wp-json\/wp\/v2\/media?parent=10007"}],"curies":[{"name":"wp","href":"https:\/\/api.w.org\/{rel}","templated":true}]}}