{"id":6909,"date":"2021-06-08T06:38:19","date_gmt":"2021-06-08T06:38:19","guid":{"rendered":"https:\/\/rely.prismasolutions.ro\/contactati-ne\/"},"modified":"2025-07-22T12:14:42","modified_gmt":"2025-07-22T12:14:42","slug":"contact","status":"publish","type":"page","link":"https:\/\/relyberry.com\/ro\/contact\/","title":{"rendered":"Contact"},"content":{"rendered":"\t\t<div data-elementor-type=\"wp-page\" data-elementor-id=\"6909\" class=\"elementor elementor-6909 elementor-3593\">\n\t\t\t\t\t\t<section class=\"elementor-section elementor-top-section elementor-element elementor-element-7bd2bcc qodef-elementor-content-grid elementor-reverse-tablet elementor-reverse-mobile elementor-section-boxed elementor-section-height-default elementor-section-height-default\" data-id=\"7bd2bcc\" data-element_type=\"section\" data-e-type=\"section\">\n\t\t\t\t\t\t<div class=\"elementor-container elementor-column-gap-default\">\n\t\t\t\t\t<div class=\"elementor-column elementor-col-50 elementor-top-column elementor-element elementor-element-2bbc8b5\" data-id=\"2bbc8b5\" data-element_type=\"column\" data-e-type=\"column\">\n\t\t\t<div class=\"elementor-widget-wrap elementor-element-populated\">\n\t\t\t\t\t\t<div class=\"elementor-element elementor-element-493f8e3 custom-contact-form elementor-widget elementor-widget-qi_addons_for_elementor_contact_form_7\" data-id=\"493f8e3\" data-element_type=\"widget\" data-e-type=\"widget\" data-widget_type=\"qi_addons_for_elementor_contact_form_7.default\">\n\t\t\t\t<div class=\"elementor-widget-container\">\n\t\t\t\t\t<div class=\"qodef-shortcode qodef-m qodef-qi-contact-form-7\">\n\t\n<div class=\"wpcf7 no-js\" id=\"wpcf7-f7068-o1\" lang=\"ro-RO\" dir=\"ltr\" data-wpcf7-id=\"7068\">\n<div class=\"screen-reader-response\"><p role=\"status\" aria-live=\"polite\" aria-atomic=\"true\"><\/p> <ul><\/ul><\/div>\n<form action=\"\/ro\/wp-json\/wp\/v2\/pages\/6909#wpcf7-f7068-o1\" method=\"post\" class=\"wpcf7-form init\" aria-label=\"Formular de contact\" novalidate=\"novalidate\" data-status=\"init\">\n<fieldset class=\"hidden-fields-container\"><input type=\"hidden\" name=\"_wpcf7\" value=\"7068\" \/><input type=\"hidden\" name=\"_wpcf7_version\" value=\"6.1.5\" \/><input type=\"hidden\" name=\"_wpcf7_locale\" value=\"ro_RO\" \/><input type=\"hidden\" name=\"_wpcf7_unit_tag\" value=\"wpcf7-f7068-o1\" \/><input type=\"hidden\" name=\"_wpcf7_container_post\" value=\"0\" \/><input type=\"hidden\" name=\"_wpcf7_posted_data_hash\" value=\"\" \/><input type=\"hidden\" name=\"_wpcf7_recaptcha_response\" value=\"\" \/>\n<\/fieldset>\n<div class=\"row\">\n<div class=\"col-12\">                    \n<span class=\"wpcf7-form-control-wrap\" data-name=\"your-name\"><input size=\"40\" maxlength=\"400\" class=\"wpcf7-form-control wpcf7-text wpcf7-validates-as-required\" autocomplete=\"name\" aria-required=\"true\" aria-invalid=\"false\" placeholder=\"Nume \u0219i prenume\" value=\"\" type=\"text\" name=\"your-name\" \/><\/span> \n<\/div>\n<div class=\"col-md-6\">                    \n<span class=\"wpcf7-form-control-wrap\" data-name=\"tel-787\"><input size=\"40\" maxlength=\"400\" class=\"wpcf7-form-control wpcf7-tel wpcf7-validates-as-required wpcf7-text wpcf7-validates-as-tel\" aria-required=\"true\" aria-invalid=\"false\" placeholder=\"Telefon\" value=\"\" type=\"tel\" name=\"tel-787\" \/><\/span>\n<\/div>\n<div class=\"col-md-6\">    \n<span class=\"wpcf7-form-control-wrap\" data-name=\"your-email\"><input size=\"40\" maxlength=\"400\" class=\"wpcf7-form-control wpcf7-email wpcf7-validates-as-required wpcf7-text wpcf7-validates-as-email\" autocomplete=\"email\" aria-required=\"true\" aria-invalid=\"false\" placeholder=\"E-mail\" value=\"\" type=\"email\" name=\"your-email\" \/><\/span>\n<\/div>\n\n<div class=\"col-md-12\">    \n<span class=\"wpcf7-form-control-wrap\" data-name=\"textarea-648\"><textarea cols=\"40\" rows=\"10\" maxlength=\"2000\" class=\"wpcf7-form-control wpcf7-textarea\" aria-invalid=\"false\" placeholder=\"Mesaj\" name=\"textarea-648\"><\/textarea><\/span>\n<\/div>\n<div>\n  <span class=\"wpcf7-form-control-wrap\" data-name=\"your-consent\"><span class=\"wpcf7-form-control wpcf7-acceptance\"><span class=\"wpcf7-list-item\"><label><input type=\"checkbox\" name=\"your-consent\" value=\"1\" aria-invalid=\"false\" \/><span class=\"wpcf7-list-item-label\">Accept <a href=\"\/termeni-si-conditii\">termenii \u0219i condi\u021biile<\/a><\/span><\/label><\/span><\/span><\/span>\n<\/div>\n<\/div>\n<button class=\"wpcf7-form-control wpcf7-submit qodef-button qodef-size--normal qodef-layout--filled qodef-m\" type=\"submit\"><span class=\"qodef-m-border--top-left\"><\/span><span class=\"qodef-m-border--bottom-right\"><\/span><span class=\"qodef-m-text\">Trimite mesaj<\/span><\/button><p style=\"display: none !important;\" class=\"akismet-fields-container\" data-prefix=\"_wpcf7_ak_\"><label>&#916;<textarea name=\"_wpcf7_ak_hp_textarea\" cols=\"45\" rows=\"8\" maxlength=\"100\"><\/textarea><\/label><input type=\"hidden\" id=\"ak_js_1\" name=\"_wpcf7_ak_js\" value=\"229\"\/><script>document.getElementById( \"ak_js_1\" ).setAttribute( \"value\", ( new Date() ).getTime() );<\/script><\/p><div class=\"wpcf7-response-output\" aria-hidden=\"true\"><\/div>\n<\/form>\n<\/div>\n<\/div>\n\t\t\t\t<\/div>\n\t\t\t\t<\/div>\n\t\t\t\t\t<\/div>\n\t\t<\/div>\n\t\t\t\t<div class=\"elementor-column elementor-col-50 elementor-top-column elementor-element elementor-element-5ac5907\" data-id=\"5ac5907\" data-element_type=\"column\" data-e-type=\"column\">\n\t\t\t<div class=\"elementor-widget-wrap elementor-element-populated\">\n\t\t\t\t\t\t<div class=\"elementor-element elementor-element-1fa8ba1 elementor-widget elementor-widget-bottanika_core_section_title\" data-id=\"1fa8ba1\" data-element_type=\"widget\" data-e-type=\"widget\" data-widget_type=\"bottanika_core_section_title.default\">\n\t\t\t\t<div class=\"elementor-widget-container\">\n\t\t\t\t\t<div class=\"qodef-shortcode qodef-m  qodef-section-title qodef-alignment--left\">\r\n\t\t\t<h3 class=\"qodef-m-title\" >\r\n\t\t\t\t\tContacteaz\u0103-ne!\t\t\t<\/h3>\r\n\t\t<h6 class=\"qodef-m-subtitle\" style=\"color: #6B6B6B\">Nu ezita s\u0103 ne contactezi prin intermediul formularului de mai jos sau prin e-mail sau telefon.<\/h6>\r\n\t\t<p class=\"qodef-m-text\" style=\"margin-top: 12px;color: #6B6B6B\">\n<\/p>\r\n<\/div>\r\n\t\t\t\t<\/div>\n\t\t\t\t<\/div>\n\t\t\t\t<div class=\"elementor-element elementor-element-5b9b603 elementor-widget elementor-widget-bottanika_core_icon_list_item\" data-id=\"5b9b603\" data-element_type=\"widget\" data-e-type=\"widget\" data-widget_type=\"bottanika_core_icon_list_item.default\">\n\t\t\t\t<div class=\"elementor-widget-container\">\n\t\t\t\t\t<div class=\"qodef-icon-list-item qodef-icon--icon-pack\" >\r\n\t<p class=\"qodef-e-title\" style=\"color: #6A6A6A\">\r\n\t\t\t\t\t<a itemprop=\"url\" href=\"https:\/\/maps.app.goo.gl\/Zwn3X34Jivu7WEFTA\" target=\"_blank\" rel=\"noopener\">\r\n\t\t\t\t\t<span class=\"qodef-e-title-inner\">\r\n\t\t\t\t<span class=\"qodef-shortcode qodef-m  qodef-icon-holder  qodef-layout--normal\"  >\r\t\t\t<span class=\"qodef-icon-elegant-icons icon_pin_alt qodef-icon qodef-e\" style=\"\" ><\/span>\t<\/span>\r\t\t\t\t<span class=\"qodef-e-title-text\">Plazmontch KFT-S\u00f3sk\u00fat Sucursala Harghita Adresa: 537250 , Remetea, Str. Alszegi, nr. 157A, RO 40238592<\/span>\r\n\t\t\t<\/span>\r\n\t\t\t\t\t<\/a>\r\n\t\t\t<\/p>\r\n<\/div>\r\n\t\t\t\t<\/div>\n\t\t\t\t<\/div>\n\t\t\t\t<div class=\"elementor-element elementor-element-b261dbe elementor-widget elementor-widget-bottanika_core_icon_list_item\" data-id=\"b261dbe\" data-element_type=\"widget\" data-e-type=\"widget\" data-widget_type=\"bottanika_core_icon_list_item.default\">\n\t\t\t\t<div class=\"elementor-widget-container\">\n\t\t\t\t\t<div class=\"qodef-icon-list-item qodef-icon--icon-pack\" >\r\n\t<p class=\"qodef-e-title\" style=\"color: #6A6A6A\">\r\n\t\t\t\t\t<a itemprop=\"url\" href=\"mailto:office@relyberry.com\" target=\"_self\">\r\n\t\t\t\t\t<span class=\"qodef-e-title-inner\">\r\n\t\t\t\t<span class=\"qodef-shortcode qodef-m  qodef-icon-holder  qodef-layout--normal\"  >\r\t\t\t<span class=\"qodef-icon-elegant-icons icon_mail_alt qodef-icon qodef-e\" style=\"\" ><\/span>\t<\/span>\r\t\t\t\t<span class=\"qodef-e-title-text\">office@relyberry.com<\/span>\r\n\t\t\t<\/span>\r\n\t\t\t\t\t<\/a>\r\n\t\t\t<\/p>\r\n<\/div>\r\n\t\t\t\t<\/div>\n\t\t\t\t<\/div>\n\t\t\t\t<div class=\"elementor-element elementor-element-81fde11 elementor-widget elementor-widget-bottanika_core_icon_list_item\" data-id=\"81fde11\" data-element_type=\"widget\" data-e-type=\"widget\" data-widget_type=\"bottanika_core_icon_list_item.default\">\n\t\t\t\t<div class=\"elementor-widget-container\">\n\t\t\t\t\t<div class=\"qodef-icon-list-item qodef-icon--icon-pack\" >\r\n\t<p class=\"qodef-e-title\" style=\"color: #6A6A6A\">\r\n\t\t\t\t\t<a itemprop=\"url\" href=\"tel:+40724286594\" target=\"_blank\">\r\n\t\t\t\t\t<span class=\"qodef-e-title-inner\">\r\n\t\t\t\t<span class=\"qodef-shortcode qodef-m  qodef-icon-holder  qodef-layout--normal\"  >\r\t\t\t<span class=\"qodef-icon-elegant-icons icon_phone qodef-icon qodef-e\" style=\"\" ><\/span>\t<\/span>\r\t\t\t\t<span class=\"qodef-e-title-text\">+40 724 286 594<\/span>\r\n\t\t\t<\/span>\r\n\t\t\t\t\t<\/a>\r\n\t\t\t<\/p>\r\n<\/div>\r\n\t\t\t\t<\/div>\n\t\t\t\t<\/div>\n\t\t\t\t<div class=\"elementor-element elementor-element-07968d6 elementor-widget elementor-widget-google_maps\" data-id=\"07968d6\" data-element_type=\"widget\" data-e-type=\"widget\" data-widget_type=\"google_maps.default\">\n\t\t\t\t<div class=\"elementor-widget-container\">\n\t\t\t\t\t\t\t<div class=\"elementor-custom-embed\">\n\t\t\t<iframe loading=\"lazy\"\n\t\t\t\t\tsrc=\"https:\/\/maps.google.com\/maps?q=537250%20Gyergy%C3%B3remete%2C%20Alszegi%20utca%20157A%2C%20Hargita%20megye%2C%20Rom%C3%A1nia&#038;t=m&#038;z=15&#038;output=embed&#038;iwloc=near\"\n\t\t\t\t\ttitle=\"537250 Gyergy\u00f3remete, Alszegi utca 157A, Hargita megye, Rom\u00e1nia\"\n\t\t\t\t\taria-label=\"537250 Gyergy\u00f3remete, Alszegi utca 157A, Hargita megye, Rom\u00e1nia\"\n\t\t\t><\/iframe>\n\t\t<\/div>\n\t\t\t\t\t\t<\/div>\n\t\t\t\t<\/div>\n\t\t\t\t\t<\/div>\n\t\t<\/div>\n\t\t\t\t\t<\/div>\n\t\t<\/section>\n\t\t\t\t<\/div>\n\t\t","protected":false},"excerpt":{"rendered":"<p>I accept the Terms and Conditions Send Message &#916; Contacteaz\u0103-ne! Nu ezita s\u0103 ne contactezi prin intermediul formularului de mai jos sau prin e-mail sau telefon. Plazmontch KFT-S\u00f3sk\u00fat Sucursala Harghita Adresa: 537250 , Remetea, Str. Alszegi, nr. 157A, RO 40238592 office@relyberry.com +40 724 286 594<\/p>\n","protected":false},"author":1,"featured_media":0,"parent":0,"menu_order":0,"comment_status":"closed","ping_status":"closed","template":"page-full-width.php","meta":{"footnotes":""},"class_list":["post-6909","page","type-page","status-publish","hentry"],"_links":{"self":[{"href":"https:\/\/relyberry.com\/ro\/wp-json\/wp\/v2\/pages\/6909","targetHints":{"allow":["GET"]}}],"collection":[{"href":"https:\/\/relyberry.com\/ro\/wp-json\/wp\/v2\/pages"}],"about":[{"href":"https:\/\/relyberry.com\/ro\/wp-json\/wp\/v2\/types\/page"}],"author":[{"embeddable":true,"href":"https:\/\/relyberry.com\/ro\/wp-json\/wp\/v2\/users\/1"}],"replies":[{"embeddable":true,"href":"https:\/\/relyberry.com\/ro\/wp-json\/wp\/v2\/comments?post=6909"}],"version-history":[{"count":3,"href":"https:\/\/relyberry.com\/ro\/wp-json\/wp\/v2\/pages\/6909\/revisions"}],"predecessor-version":[{"id":9461,"href":"https:\/\/relyberry.com\/ro\/wp-json\/wp\/v2\/pages\/6909\/revisions\/9461"}],"wp:attachment":[{"href":"https:\/\/relyberry.com\/ro\/wp-json\/wp\/v2\/media?parent=6909"}],"curies":[{"name":"wp","href":"https:\/\/api.w.org\/{rel}","templated":true}]}}