{"id":9923,"date":"2025-07-29T12:56:33","date_gmt":"2025-07-29T12:56:33","guid":{"rendered":"https:\/\/relyberry.com\/politica-de-cookie-uri\/"},"modified":"2025-07-29T12:56:49","modified_gmt":"2025-07-29T12:56:49","slug":"politica-de-cookie-uri","status":"publish","type":"page","link":"https:\/\/relyberry.com\/ro\/politica-de-cookie-uri\/","title":{"rendered":"Politica de Cookie-uri"},"content":{"rendered":"\n<h2 id=\"politica-de-utilizare-a-cookie-urilor\">POLITICA DE UTILIZARE A COOKIE-URILOR<\/h2>\n<p>Site-ul <a href=\"http:\/\/www.relyberry.com\">http:\/\/www.relyberry.com<\/a> utilizeaz\u0103 cookie-uri.<\/p>\n<h2 id=\"i-ce-este-un-cookie-\">I. CE ESTE UN &#8220;COOKIE&#8221;?<\/h2>\n<p>Un &#8220;cookie&#8221; este un mic fi\u0219ier text, format din litere \u0219i numere, care va fi stocat pe calculatorul sau pe\ndispozitivul de pe care se acceseaz\u0103 internetul.\n\u25aa <strong>Modulele cookie originale<\/strong> sunt instalate de site-ul pe care \u00eel vizita\u021bi. Ele pot fi citite doar de\nsite-ul respectiv. Site-urile utilizeaz\u0103 uneori servicii externe, care \u00eei plaseaz\u0103 propriul cookie-\nuri &#8211; acestea sunt <strong>modulele cookie de la ter\u021bi<\/strong>.\n\u25aa <strong>Cookie-urile persistente<\/strong> sunt modulele cookie salvate pe calculatorul dumneavoastr\u0103 care,\nspre deosebire de <strong>cookie-urile de sesiune<\/strong>, nu se \u0219terg automat atunci c\u00e2nd \u00eenchide\u021bi\nbrowserul.  <\/p>\n<p>Un cookie este format din 2 p\u0103r\u021bi: numele \u0219i con\u021binutul sau valoarea cookie-ului. Mai mult, durata de\nexisten\u021b\u0103 a unui cookie este determinat\u0103; tehnic, doar webserverul care a trimis cookie-ul \u00eel poate\naccesa din nou \u00een momentul \u00een care un utilizator se \u00eentoarce pe website-ul asociat webserverului\nrespectiv. <\/p>\n<h2 id=\"ii-cum-folosim-cookie-urile-\">II. CUM FOLOSIM COOKIE-URILE? <\/h2>\n<p>Consim\u021b\u0103m\u00e2ntul exprimat prin alegerea butonului <strong><em>Accept\u0103 toate<\/em><\/strong> , permite instalarea tuturor tipurilor\nde cookie pe dispozitivul dumneavoastr\u0103.\nConsim\u021b\u0103m\u00e2ntul exprimat prin bifarea butonului <strong><em>Confirm\u0103 selec\u021biile mele<\/em><\/strong> , permite instalarea pe\ndispozitivul dumneavoastr\u0103 a tipurilor de cookie selectate de dumneavoastr\u0103.\nUtilizarea de cookie-uri este destinat\u0103 \u00een principal pentru urm\u0103toarele:<\/p>\n<ul>\n<li>Asigurarea unei mai bune func\u021bion\u0103ri a website-ului;<\/li>\n<li>Afi\u0219area corect\u0103 a con\u021binutului;<\/li>\n<li>Personalizarea interfe\u021bei, asigurarea securit\u0103\u021bii site-ului \u00eempotriva ac\u021biunilor de fraud\u0103 sau utilizarea\nilicit\u0103;<\/li>\n<li>Crearea de statistici pentru a cunoa\u0219te reac\u021biile utilizatorilor \u00een raport de con\u021binutul website-ului;<\/li>\n<li>Reclame \u0219i con\u021binut adaptat preferin\u021belor utilizatorului.<\/li>\n<li>Limitarea afi\u0219\u0103rilor unor reclame pe un site pentru un anumit utilizator;<\/li>\n<li>Adaptarea \u0219i personalizarea set\u0103rilor stabilite de c\u0103tre utilizatori;<\/li>\n<li>Analiza &#8211; ne ajut\u0103 s\u0103 \u00een\u021belegem modalitatea \u00een care utilizatorii interac\u021bioneaz\u0103 cu site-ul nostru.<\/li>\n<li>M\u0103surarea, optimizarea \u0219i adaptarea caracteristicilor de analiz\u0103 &#8211; cum ar fi confirmarea unui anumit\nnivel de trafic pe un website, ce tip de con\u021binut este vizualizat \u0219i modul cum un utilizator ajunge pe un\nwebsite (ex: prin motoare de c\u0103utare, direct, din alte website-uri etc.).\nCookie-urile asigur\u0103 utilizatorilor o experien\u021b\u0103 pl\u0103cut\u0103 de navigare \u0219i sus\u021bin eforturile noastre pentru a\noferi servicii mai adaptate utilizatorilor. De asemenea, aceste module sunt utilizate \u00een preg\u0103tirea unor\nstatistici anonime care ne ajut\u0103 s\u0103 \u00een\u021belegem cum un utilizator beneficiaz\u0103 de paginile noastre de <\/li>\n<\/ul>\n<p>internet, permi\u021b\u00e2n-ne \u00eembun\u0103t\u0103\u021birea structurii \u0219i con\u021binutului lor, f\u0103r\u0103 a permite identificarea\npersonal\u0103 a utilizatorului.\n\u00cen func\u021bie de cum alege\u021bi s\u0103 ne acorda\u021bi consim\u021b\u0103m\u00e2ntul, PLAZMONTECH KFT-S\u00d3SK\u00daT-SUCURSALA\nHARGHITA poate primi urm\u0103toarele informa\u021bii:<\/p>\n<ul>\n<li>Accesarea website-ului \u0219i con\u021binutul vizualizat<\/li>\n<li>Informa\u021bii statistice cu privire la utilizarea site-ului.<\/li>\n<li>Formatul de web preferat pentru accesul la dispozitivele mobile.<\/li>\n<li>Cele mai recente c\u0103ut\u0103ri f\u0103cute din serviciile de pe web, precum \u0219i detaliile personalizate ale\n acestor servicii.<\/li>\n<li>Poten\u021biale interese legate de produse.<\/li>\n<li>Comportamentul de navigare.<\/li>\n<\/ul>\n<h2 id=\"iii-tipuri-de-cookie-uri-folosite\">III. TIPURI DE COOKIE-URI FOLOSITE <\/h2>\n<p>\u00cen timpul vizitei pe site-ul nostru, se pot stoca urm\u0103toarele tipuri cookie-uri pe dispozitivul folositul:\n\u25aa <strong>Cookie-uri strict necesare<\/strong>\nAceste fi\u0219iere cookie sunt necesare pentru buna func\u021bionare a paginii. Acestea sunt de obicei\nconfigurate pentru a r\u0103spunde ac\u021biunilor f\u0103cute de dvs. pentru a primi servicii, precum setarea\npreferin\u021belor de confiden\u021bialitate, autentificarea pe site sau completarea formularelor.\nEnumerarea \u0219i prezentarea acestora (tabel).  <\/p>\n<p>\u25aa <strong>Cookie-uri de performan\u021b\u0103 \u0219i analiz\u0103<\/strong>\nAceste cookie-uri ne permit s\u0103 recunoa\u0219tem \u0219i s\u0103 num\u0103r\u0103m vizitele \u0219i sursele de trafic.\nInforma\u021biile colectate de aceste cookie-uri sunt anonime. Dac\u0103 nu permite\u021bi aceste cookie-uri, nu vom\n\u0219ti cand a\u021bi vizitat site-ul nostru \u0219i nu vom putea s\u0103-i monitoriz\u0103m performan\u021ba.\nEnumerarea \u0219i prezentarea acestora (tabel). <\/p>\n<p>\u25aa <strong>Cookie-uri de sesiune<\/strong>\nSunt stocate \u00een dispozitivul utilizatorului \u00een timpul sesiunii de navigare. Acestea stocheaz\u0103 un\nidentificator de sesiune anonim, permi\u021b\u00e2nd utilizatorului s\u0103 viziteze un site web f\u0103r\u0103 a fi necesar s\u0103\nintroduc\u0103 \u00een fiecare pagin\u0103 informa\u021bii de identificare (nume de utilizator, parola, etc).\n\u25aa <strong>Cookie-uri de marketing<\/strong>\nAu rolul de a stoca preferin\u021bele de navigare ale utilizatorilor \u0219i pot fi utilizate pentru a realiza\nun profil pe baza intereselor utilizatorului. Acestea nu stocheaz\u0103 informa\u021bii directe personale \u0219i se\nbazeaz\u0103 pe identificarea unic\u0103 a browser-ului \u0219i a dispozitivului utilizat la accesarea site-ului. Dac\u0103 nu\npermite\u021bi plasarea acestor cookie-uri, nu \u00eenseamn\u0103 cu nu ve\u021bi primi reclame, ci \u00eenseamn\u0103 c\u0103 reclamele\ncare v\u0103 vor fi furnizate, vor fi mai pu\u021bin personalizate.\n\u25aa <strong>Cookie-uri neclasificate<\/strong>\nCookie-urile neclasificate sunt cookie-uri \u00een curs de clasificare, \u00eempreun\u0103 cu furnizorii de\ncookie-uri individuale.   <\/p>\n<h2 id=\"iv-dezactivarea-activarea-cookie-urilor\">IV. DEZACTIVAREA\/ACTIVAREA COOKIE-URILOR <\/h2>\n<p>Dezactivarea \u0219i\/sau refuzul de a primi cookie-uri pot face anumite site-uri impracticabile sau dificil de\nvizitat \u0219i folosit. De asemenea, refuzul de a accepta cookie-uri nu \u00eenseamn\u0103 c\u0103 nu ve\u021bi primi, vedea\npublicitate on-line. <\/p>\n<p>Cookie-uri sunt instalate doar cu acordul dumneavoastr\u0103 prealabil. Din acest motiv, atunci c\u00e2nd\naccesa\u021bi site-ul nostru pentru prima dat\u0103 este afi\u0219at un banner special care v\u0103 informeaz\u0103 c\u0103 site-ul\nutilizeaz\u0103 cookie-uri utilizeaz\u0103 cookie-uri \u0219i v\u0103 d\u0103 posibilitatea de a v\u0103 exprima op\u021biunea cu privire la categoriile de cookie-\nuri care pot fi instalate \u00een dispozitivul utilizat \u00een navigarea pe site-ul nostru (cu excep\u021bia celor necesare,\ncare sunt instalate automatate). <\/p>\n<p>Dup\u0103 exprimarea op\u021biunii dumneavoastr\u0103, banner-ul de cookie-uri va disp\u0103rea. <strong>NU ESTE<\/strong> necesar\nconsim\u021b\u0103m\u00e2ntul pentru utilizarea modulului cookie la fiecare accesare a site-ului. Acordul oferit la\nprima accesare va fi re\u021binut \u0219i <strong>NU VA MAI FI<\/strong> afi\u0219at la acces\u0103rile viitoare ale site-ului. <\/p>\n<p>Dumneavoastr\u0103 ave\u021bi posibilitatea de a refuza sau limita utilizarea acestor module cookie, precum \u0219i\nde a reveni oric\u00e2nd asupra preferin\u021belor cookie-urilor<\/p>\n<p>Rev.1\/202 5<\/p>\n\n","protected":false},"excerpt":{"rendered":"<p>POLITICA DE UTILIZARE A COOKIE-URILOR Site-ul http:\/\/www.relyberry.com utilizeaz\u0103 cookie-uri. I. CE ESTE UN &#8220;COOKIE&#8221;? Un &#8220;cookie&#8221; este un mic fi\u0219ier text, format din litere \u0219i numere, care va fi stocat pe calculatorul sau pe dispozitivul de pe care se acceseaz\u0103 internetul. \u25aa Modulele cookie originale sunt instalate de site-ul pe care \u00eel vizita\u021bi. Ele pot [&hellip;]<\/p>\n","protected":false},"author":1,"featured_media":0,"parent":0,"menu_order":0,"comment_status":"closed","ping_status":"closed","template":"","meta":{"footnotes":""},"class_list":["post-9923","page","type-page","status-publish","hentry"],"_links":{"self":[{"href":"https:\/\/relyberry.com\/ro\/wp-json\/wp\/v2\/pages\/9923","targetHints":{"allow":["GET"]}}],"collection":[{"href":"https:\/\/relyberry.com\/ro\/wp-json\/wp\/v2\/pages"}],"about":[{"href":"https:\/\/relyberry.com\/ro\/wp-json\/wp\/v2\/types\/page"}],"author":[{"embeddable":true,"href":"https:\/\/relyberry.com\/ro\/wp-json\/wp\/v2\/users\/1"}],"replies":[{"embeddable":true,"href":"https:\/\/relyberry.com\/ro\/wp-json\/wp\/v2\/comments?post=9923"}],"version-history":[{"count":1,"href":"https:\/\/relyberry.com\/ro\/wp-json\/wp\/v2\/pages\/9923\/revisions"}],"predecessor-version":[{"id":9927,"href":"https:\/\/relyberry.com\/ro\/wp-json\/wp\/v2\/pages\/9923\/revisions\/9927"}],"wp:attachment":[{"href":"https:\/\/relyberry.com\/ro\/wp-json\/wp\/v2\/media?parent=9923"}],"curies":[{"name":"wp","href":"https:\/\/api.w.org\/{rel}","templated":true}]}}