{"id":10820,"date":"2025-10-27T10:42:32","date_gmt":"2025-10-27T10:42:32","guid":{"rendered":"https:\/\/relyberry.com\/?post_type=product&#038;p=10820"},"modified":"2026-03-30T17:48:12","modified_gmt":"2026-03-30T17:48:12","slug":"mure-liofilizate-perla-neagra-salbatica-a-naturii","status":"publish","type":"product","link":"https:\/\/relyberry.com\/ro\/product\/mure-liofilizate-perla-neagra-salbatica-a-naturii\/","title":{"rendered":"Mure Liofilizate"},"content":{"rendered":"<p><span data-contrast=\"auto\">Bobi\u021bele de mur, de un negru intens, sunt \u00een acela\u0219i timp dulci \u0219i pl\u0103cut acri\u0219oare \u2013 o adev\u0103rat\u0103 experien\u021b\u0103 a gustului. Fructele atent selec\u021bionate \u00ee\u0219i p\u0103streaz\u0103 aroma intens\u0103, culoarea vie \u0219i bog\u0103\u021bia de nutrien\u021bi datorit\u0103 procesului de liofilizare.<\/span><br \/>\n<span data-contrast=\"auto\">Cu textura lor u\u0219oar\u0103 \u0219i crocant\u0103, sunt o adev\u0103rat\u0103 delicates\u0103, ad\u0103ug\u00e2nd oric\u00e2nd un plus de savoare la micul dejun sau la deserturi.<\/span><span data-ccp-props=\"{}\">\u00a0<\/span><\/p>\n<p><span data-contrast=\"auto\">De ce este special\u0103?<\/span><br \/>\n<span data-contrast=\"auto\">\u2022 100% mure \u2013 pur \u0219i simplu naturale<\/span><br \/>\n<span data-contrast=\"auto\">\u2022 Con\u021binut ridicat de vitamine \u0219i fibre<\/span><br \/>\n<span data-contrast=\"auto\">\u2022 Crocante, dar \u00een acela\u0219i timp zemoase<\/span><br \/>\n<span data-contrast=\"auto\">\u2022 Ideale pentru musli, iaurt, deserturi sau ca gustare simpl\u0103<\/span><br \/>\n<span data-contrast=\"auto\">\u2022 Se p\u0103streaz\u0103 mult timp \u0219i sunt s\u0103n\u0103toase<\/span><span data-ccp-props=\"{}\">\u00a0<\/span><\/p>\n<p><span data-contrast=\"auto\">Natura pur\u0103 \u00eentr-o singur\u0103 mu\u0219c\u0103tur\u0103 &#8211; f\u0103r\u0103 compromisuri.<\/span><\/p>\n","protected":false},"excerpt":{"rendered":"<p><span class=\"TextRun SCXW178919197 BCX2\" lang=\"RO-RO\" xml:lang=\"RO-RO\" data-contrast=\"auto\"><span class=\"NormalTextRun SCXW178919197 BCX2\">Cu gustul lor dulce \u0219i u\u0219or acri\u0219or, murele ofer\u0103 o experien\u021b\u0103 savuroas\u0103. Procesul de liofilizare p\u0103streaz\u0103 aroma natural\u0103, culoarea intens\u0103 \u0219i <\/span><span class=\"NormalTextRun SpellingErrorV2Themed SCXW178919197 BCX2\">nutrien\u021bii<\/span><span class=\"NormalTextRun SCXW178919197 BCX2\">, transform\u00e2ndu-le \u00eentr-o gustare crocant\u0103 \u0219i u\u0219oar\u0103, perfect\u0103 oric\u00e2nd.<\/span><\/span><\/p>\n","protected":false},"featured_media":11316,"template":"","meta":[],"product_brand":[],"product_cat":[145],"product_tag":[141],"class_list":{"0":"post-10820","1":"product","2":"type-product","3":"status-publish","4":"has-post-thumbnail","6":"product_cat-fructe","7":"product_tag-mur","9":"first","10":"instock","11":"shipping-taxable","12":"purchasable","13":"product-type-variable","14":"has-default-attributes"},"_links":{"self":[{"href":"https:\/\/relyberry.com\/ro\/wp-json\/wp\/v2\/product\/10820","targetHints":{"allow":["GET"]}}],"collection":[{"href":"https:\/\/relyberry.com\/ro\/wp-json\/wp\/v2\/product"}],"about":[{"href":"https:\/\/relyberry.com\/ro\/wp-json\/wp\/v2\/types\/product"}],"wp:featuredmedia":[{"embeddable":true,"href":"https:\/\/relyberry.com\/ro\/wp-json\/wp\/v2\/media\/11316"}],"wp:attachment":[{"href":"https:\/\/relyberry.com\/ro\/wp-json\/wp\/v2\/media?parent=10820"}],"wp:term":[{"taxonomy":"product_brand","embeddable":true,"href":"https:\/\/relyberry.com\/ro\/wp-json\/wp\/v2\/product_brand?post=10820"},{"taxonomy":"product_cat","embeddable":true,"href":"https:\/\/relyberry.com\/ro\/wp-json\/wp\/v2\/product_cat?post=10820"},{"taxonomy":"product_tag","embeddable":true,"href":"https:\/\/relyberry.com\/ro\/wp-json\/wp\/v2\/product_tag?post=10820"}],"curies":[{"name":"wp","href":"https:\/\/api.w.org\/{rel}","templated":true}]}}