{"id":10960,"date":"2025-10-27T10:25:41","date_gmt":"2025-10-27T10:25:41","guid":{"rendered":"https:\/\/relyberry.com\/product\/freeze-dried-raspberry-granules\/"},"modified":"2026-03-11T20:08:34","modified_gmt":"2026-03-11T20:08:34","slug":"granule-de-zmeura-liofilizate","status":"publish","type":"product","link":"https:\/\/relyberry.com\/ro\/product\/granule-de-zmeura-liofilizate\/","title":{"rendered":"Granule de zmeur\u0103 liofilizate"},"content":{"rendered":"<p><span data-contrast=\"auto\">Granulele de zmeur\u0103 de un ro\u0219u intens, coapte la soare, p\u0103streaz\u0103 aroma natural\u0103 \u0219i nutrien\u021bii fructului. Datorit\u0103 procesului delicat de liofilizare, \u00ee\u0219i men\u021bin gustul intens, u\u0219or acri\u0219or-dulce, culoarea vie \u0219i valoarea nutritiv\u0103 \u2013 sub form\u0103 de granule u\u0219oare \u0219i crocante.<\/span><span data-ccp-props=\"{}\">\u00a0<\/span><\/p>\n<p><span data-contrast=\"auto\">F\u0103r\u0103 zah\u0103r ad\u0103ugat sau conservan\u021bi, ofer\u0103 experien\u021ba pur\u0103 a zmeurii. O alternativ\u0103 perfect\u0103 la zmeura proasp\u0103t\u0103: gustare s\u0103n\u0103toas\u0103 sau pentru a \u00eembun\u0103t\u0103\u021bi smoothie-uri, iaurturi, musli, deserturi \u0219i produse de patiserie.<\/span><span data-ccp-props=\"{}\">\u00a0<\/span><\/p>\n<p><b><span data-contrast=\"auto\">De ce o vei iubi:<\/span><\/b><span data-ccp-props=\"{}\">\u00a0<\/span><\/p>\n<ul>\n<li aria-setsize=\"-1\" data-leveltext=\"\uf0b7\" data-font=\"Symbol\" data-listid=\"4\" data-list-defn-props=\"{&quot;335552541&quot;:1,&quot;335559685&quot;:720,&quot;335559991&quot;:360,&quot;469769226&quot;:&quot;Symbol&quot;,&quot;469769242&quot;:[8226],&quot;469777803&quot;:&quot;left&quot;,&quot;469777804&quot;:&quot;\uf0b7&quot;,&quot;469777815&quot;:&quot;multilevel&quot;}\" data-aria-posinset=\"1\" data-aria-level=\"1\"><span data-contrast=\"auto\">100% granule naturale de zmeur\u0103<\/span><span data-ccp-props=\"{}\">\u00a0<\/span><\/li>\n<\/ul>\n<ul>\n<li aria-setsize=\"-1\" data-leveltext=\"\uf0b7\" data-font=\"Symbol\" data-listid=\"4\" data-list-defn-props=\"{&quot;335552541&quot;:1,&quot;335559685&quot;:720,&quot;335559991&quot;:360,&quot;469769226&quot;:&quot;Symbol&quot;,&quot;469769242&quot;:[8226],&quot;469777803&quot;:&quot;left&quot;,&quot;469777804&quot;:&quot;\uf0b7&quot;,&quot;469777815&quot;:&quot;multilevel&quot;}\" data-aria-posinset=\"2\" data-aria-level=\"1\"><span data-contrast=\"auto\">Bogate \u00een antioxidan\u021bi \u0219i vitamina C<\/span><span data-ccp-props=\"{}\">\u00a0<\/span><\/li>\n<\/ul>\n<ul>\n<li aria-setsize=\"-1\" data-leveltext=\"\uf0b7\" data-font=\"Symbol\" data-listid=\"4\" data-list-defn-props=\"{&quot;335552541&quot;:1,&quot;335559685&quot;:720,&quot;335559991&quot;:360,&quot;469769226&quot;:&quot;Symbol&quot;,&quot;469769242&quot;:[8226],&quot;469777803&quot;:&quot;left&quot;,&quot;469777804&quot;:&quot;\uf0b7&quot;,&quot;469777815&quot;:&quot;multilevel&quot;}\" data-aria-posinset=\"3\" data-aria-level=\"1\"><span data-contrast=\"auto\">Crocante \u0219i aromate<\/span><span data-ccp-props=\"{}\">\u00a0<\/span><\/li>\n<\/ul>\n<ul>\n<li aria-setsize=\"-1\" data-leveltext=\"\uf0b7\" data-font=\"Symbol\" data-listid=\"4\" data-list-defn-props=\"{&quot;335552541&quot;:1,&quot;335559685&quot;:720,&quot;335559991&quot;:360,&quot;469769226&quot;:&quot;Symbol&quot;,&quot;469769242&quot;:[8226],&quot;469777803&quot;:&quot;left&quot;,&quot;469777804&quot;:&quot;\uf0b7&quot;,&quot;469777815&quot;:&quot;multilevel&quot;}\" data-aria-posinset=\"4\" data-aria-level=\"1\"><span data-contrast=\"auto\">Perfecte pentru smoothie-uri, mic dejun \u0219i deserturi<\/span><span data-ccp-props=\"{}\">\u00a0<\/span><\/li>\n<\/ul>\n<ul>\n<li aria-setsize=\"-1\" data-leveltext=\"\uf0b7\" data-font=\"Symbol\" data-listid=\"4\" data-list-defn-props=\"{&quot;335552541&quot;:1,&quot;335559685&quot;:720,&quot;335559991&quot;:360,&quot;469769226&quot;:&quot;Symbol&quot;,&quot;469769242&quot;:[8226],&quot;469777803&quot;:&quot;left&quot;,&quot;469777804&quot;:&quot;\uf0b7&quot;,&quot;469777815&quot;:&quot;multilevel&quot;}\" data-aria-posinset=\"5\" data-aria-level=\"1\"><span data-contrast=\"auto\">Durat\u0103 lung\u0103 de p\u0103strare \u2013 mereu la \u00eendem\u00e2n\u0103<\/span><span data-ccp-props=\"{}\">\u00a0<\/span><\/li>\n<\/ul>\n<p><span data-contrast=\"auto\">Un gust de var\u0103 \u2013 oric\u00e2nd, oriunde.<\/span><\/p>\n","protected":false},"excerpt":{"rendered":"<p><span class=\"TextRun SCXW76258010 BCX2\" lang=\"RO-RO\" xml:lang=\"RO-RO\" data-contrast=\"auto\"><span class=\"NormalTextRun SCXW76258010 BCX2\">Granule u\u0219oare \u0219i crocante de zmeur\u0103, bogate \u00een antioxidan\u021bi \u0219i vitamina C. Ideal pentru <\/span><span class=\"NormalTextRun SpellingErrorV2Themed SCXW76258010 BCX2\">smoothie<\/span><span class=\"NormalTextRun SCXW76258010 BCX2\">-uri, produse de patiserie, iaurturi \u0219i <\/span><span class=\"NormalTextRun SpellingErrorV2Themed SCXW76258010 BCX2\">granola<\/span><span class=\"NormalTextRun SCXW76258010 BCX2\">. F\u0103r\u0103 zah\u0103r ad\u0103ugat sau aditivi.<\/span><\/span><\/p>\n","protected":false},"featured_media":11332,"template":"","meta":[],"product_brand":[],"product_cat":[145],"product_tag":[],"class_list":{"0":"post-10960","1":"product","2":"type-product","3":"status-publish","4":"has-post-thumbnail","6":"product_cat-fructe","8":"first","9":"instock","10":"shipping-taxable","11":"purchasable","12":"product-type-variable","13":"has-default-attributes"},"_links":{"self":[{"href":"https:\/\/relyberry.com\/ro\/wp-json\/wp\/v2\/product\/10960","targetHints":{"allow":["GET"]}}],"collection":[{"href":"https:\/\/relyberry.com\/ro\/wp-json\/wp\/v2\/product"}],"about":[{"href":"https:\/\/relyberry.com\/ro\/wp-json\/wp\/v2\/types\/product"}],"wp:featuredmedia":[{"embeddable":true,"href":"https:\/\/relyberry.com\/ro\/wp-json\/wp\/v2\/media\/11332"}],"wp:attachment":[{"href":"https:\/\/relyberry.com\/ro\/wp-json\/wp\/v2\/media?parent=10960"}],"wp:term":[{"taxonomy":"product_brand","embeddable":true,"href":"https:\/\/relyberry.com\/ro\/wp-json\/wp\/v2\/product_brand?post=10960"},{"taxonomy":"product_cat","embeddable":true,"href":"https:\/\/relyberry.com\/ro\/wp-json\/wp\/v2\/product_cat?post=10960"},{"taxonomy":"product_tag","embeddable":true,"href":"https:\/\/relyberry.com\/ro\/wp-json\/wp\/v2\/product_tag?post=10960"}],"curies":[{"name":"wp","href":"https:\/\/api.w.org\/{rel}","templated":true}]}}