{"id":10980,"date":"2025-06-03T07:00:32","date_gmt":"2025-06-03T07:00:32","guid":{"rendered":"https:\/\/relyberry.com\/product\/bilberries\/"},"modified":"2026-03-30T17:48:13","modified_gmt":"2026-03-30T17:48:13","slug":"afine-de-padure-liofilizate-intregi","status":"publish","type":"product","link":"https:\/\/relyberry.com\/ro\/product\/afine-de-padure-liofilizate-intregi\/","title":{"rendered":"Afine de P\u0103dure Liofilizate"},"content":{"rendered":"<p>Afine s\u0103lbatice, culese manual din peisajele neatinse ale Transilvaniei &#8211; fiecare boab\u0103 este o atingere a naturii. Perfecte pentru gust\u0103ri, coacere sau ad\u0103ugare la smoothie-uri, aceste afine u\u0219oare \u0219i de lung\u0103 durat\u0103 sunt bogate \u00een antioxidan\u021bi, vitamine \u0219i fibre. F\u0103r\u0103 adaos de zah\u0103r sau conservan\u021bi, acestea ofer\u0103 gustul pur \u0219i delicios al afinele proaspete \u00eentr-o form\u0103 convenabil\u0103, stabil\u0103 la raft.<\/p>\n","protected":false},"excerpt":{"rendered":"<p>Afinele sunt fructe pure, liofilizate, pline de arom\u0103 \u0219i nutrien\u021bi. U\u0219oare \u0219i stabile la raft, sunt perfecte pentru gust\u0103ri, coacere sau ad\u0103ugare la smoothie-uri &#8211; f\u0103r\u0103 zah\u0103r sau conservan\u021bi ad\u0103uga\u021bi!<\/p>\n","protected":false},"featured_media":11313,"template":"","meta":[],"product_brand":[200],"product_cat":[145],"product_tag":[195],"class_list":{"0":"post-10980","1":"product","2":"type-product","3":"status-publish","4":"has-post-thumbnail","6":"product_brand-rely-ro","7":"product_cat-fructe","8":"product_tag-afin","10":"first","11":"instock","12":"shipping-taxable","13":"purchasable","14":"product-type-variable","15":"has-default-attributes"},"_links":{"self":[{"href":"https:\/\/relyberry.com\/ro\/wp-json\/wp\/v2\/product\/10980","targetHints":{"allow":["GET"]}}],"collection":[{"href":"https:\/\/relyberry.com\/ro\/wp-json\/wp\/v2\/product"}],"about":[{"href":"https:\/\/relyberry.com\/ro\/wp-json\/wp\/v2\/types\/product"}],"wp:featuredmedia":[{"embeddable":true,"href":"https:\/\/relyberry.com\/ro\/wp-json\/wp\/v2\/media\/11313"}],"wp:attachment":[{"href":"https:\/\/relyberry.com\/ro\/wp-json\/wp\/v2\/media?parent=10980"}],"wp:term":[{"taxonomy":"product_brand","embeddable":true,"href":"https:\/\/relyberry.com\/ro\/wp-json\/wp\/v2\/product_brand?post=10980"},{"taxonomy":"product_cat","embeddable":true,"href":"https:\/\/relyberry.com\/ro\/wp-json\/wp\/v2\/product_cat?post=10980"},{"taxonomy":"product_tag","embeddable":true,"href":"https:\/\/relyberry.com\/ro\/wp-json\/wp\/v2\/product_tag?post=10980"}],"curies":[{"name":"wp","href":"https:\/\/api.w.org\/{rel}","templated":true}]}}