{"id":10992,"date":"2025-06-03T07:15:37","date_gmt":"2025-06-03T07:15:37","guid":{"rendered":"https:\/\/relyberry.com\/product\/lingonberries\/"},"modified":"2026-03-30T17:48:13","modified_gmt":"2026-03-30T17:48:13","slug":"merisoare-de-munte","status":"publish","type":"product","link":"https:\/\/relyberry.com\/ro\/product\/merisoare-de-munte\/","title":{"rendered":"Meri\u0219oare de Munte Liofilizate"},"content":{"rendered":"<p>Meri\u0219oarele sunt un adev\u0103rat superaliment: o surs\u0103 natural\u0103 de antioxidan\u021bi, vitamina C \u0219i polifenoli care sus\u021bin sistemul imunitar, contribuie la s\u0103n\u0103tatea tractului urinar \u0219i ajut\u0103 la reducerea inflama\u021biilor. \u00cen plus, toate acestea f\u0103r\u0103 zah\u0103r ad\u0103ugat \u0219i conservan\u021bi &#8211; doar fructe pure, a\u0219a cum au fost create de natur\u0103.<\/p>\n<p>De ce s\u0103 le alegi?<br \/>\n\u2022 Efecte naturale imunostimulente \u0219i antiinflamatoare<br \/>\n\u2022 Meri\u0219oare de munte s\u0103lbatice din p\u0103durile transilv\u0103nene<br \/>\n\u2022 Culoare vibrant\u0103, gust acri\u0219or \u0219i textur\u0103 crocant\u0103<br \/>\n\u2022 Ideal\u0103 pentru mic dejun, salate, deserturi &#8211; sau a\u0219a cum sunt<\/p>\n<p>&nbsp;<\/p>\n<p>Prospe\u021bimea p\u0103durii \u00een palma ta &#8211; ori de c\u00e2te ori ai nevoie de ea.<\/p>\n","protected":false},"excerpt":{"rendered":"<h6>Comoara rubinie a s\u0103n\u0103t\u0103\u021bii<\/h6>\n<p>Crescute \u00een lini\u0219tea p\u0103durilor ad\u00e2nci din Transilvania, meri\u0219oarele de munte poart\u0103 puterea naturii \u0219i puritatea mun\u021bilor. Recoltarea manual\u0103 atent\u0103 \u0219i liofilizarea p\u0103streaz\u0103 culoarea intens\u0103 rubinie a fructelor, gustul caracteristic acri\u0219or \u0219i con\u021binutul bogat de nutrien\u021bi.<\/p>\n","protected":false},"featured_media":11322,"template":"","meta":[],"product_brand":[200],"product_cat":[145],"product_tag":[170],"class_list":{"0":"post-10992","1":"product","2":"type-product","3":"status-publish","4":"has-post-thumbnail","6":"product_brand-rely-ro","7":"product_cat-fructe","8":"product_tag-merisoare-de-munte-liofilizate","10":"first","11":"instock","12":"shipping-taxable","13":"purchasable","14":"product-type-variable","15":"has-default-attributes"},"_links":{"self":[{"href":"https:\/\/relyberry.com\/ro\/wp-json\/wp\/v2\/product\/10992","targetHints":{"allow":["GET"]}}],"collection":[{"href":"https:\/\/relyberry.com\/ro\/wp-json\/wp\/v2\/product"}],"about":[{"href":"https:\/\/relyberry.com\/ro\/wp-json\/wp\/v2\/types\/product"}],"wp:featuredmedia":[{"embeddable":true,"href":"https:\/\/relyberry.com\/ro\/wp-json\/wp\/v2\/media\/11322"}],"wp:attachment":[{"href":"https:\/\/relyberry.com\/ro\/wp-json\/wp\/v2\/media?parent=10992"}],"wp:term":[{"taxonomy":"product_brand","embeddable":true,"href":"https:\/\/relyberry.com\/ro\/wp-json\/wp\/v2\/product_brand?post=10992"},{"taxonomy":"product_cat","embeddable":true,"href":"https:\/\/relyberry.com\/ro\/wp-json\/wp\/v2\/product_cat?post=10992"},{"taxonomy":"product_tag","embeddable":true,"href":"https:\/\/relyberry.com\/ro\/wp-json\/wp\/v2\/product_tag?post=10992"}],"curies":[{"name":"wp","href":"https:\/\/api.w.org\/{rel}","templated":true}]}}