{"id":12634,"date":"2025-12-19T09:25:16","date_gmt":"2025-12-19T09:25:16","guid":{"rendered":"https:\/\/relyberry.com\/?post_type=product&#038;p=12634"},"modified":"2026-04-29T11:39:33","modified_gmt":"2026-04-29T11:39:33","slug":"hribi-feliati-liofilizati","status":"publish","type":"product","link":"https:\/\/relyberry.com\/ro\/product\/hribi-feliati-liofilizati\/","title":{"rendered":"Hribi Felia\u021bi Liofiliza\u021bi"},"content":{"rendered":"<p data-start=\"679\" data-end=\"795\">F\u0103r\u0103 aditivi sau conservan\u021bi, ofer\u0103 gustul pur al ciupercilor &#8211; concentrat, natural \u0219i f\u0103r\u0103 compromisuri.<\/p>\n<p data-start=\"797\" data-end=\"946\">O alternativ\u0103 excelent\u0103 la ciupercile proaspete, perfect\u0103 pentru momentele \u00een care vrei s\u0103 adaugi profunzime \u0219i caracter preparatelor tale, fie \u00een buc\u0103t\u0103ria de zi cu zi, fie \u00een re\u021bete speciale.<\/p>\n<p data-start=\"948\" data-end=\"1198\">De ce le vei aprecia:<br \/>\n\u2022 100% ciuperci hribi naturale<br data-start=\"1004\" data-end=\"1007\" \/>\u2022 Gust intens, plin \u0219i arom\u0103 bogat\u0103<br data-start=\"1041\" data-end=\"1044\" \/>\u2022 Textur\u0103 u\u0219oar\u0103, crocant\u0103, u\u0219or de folosit<br data-start=\"1081\" data-end=\"1084\" \/>\u2022 Potrivite pentru risotto, paste, supe \u0219i sosuri<br data-start=\"1144\" data-end=\"1147\" \/>\u2022 Termen lung de valabilitate \u2013 aroma p\u0103durii, mereu la \u00eendem\u00e2n\u0103<\/p>\n","protected":false},"excerpt":{"rendered":"<h6>Gustul profund al p\u0103durii<\/h6>\n<p>Ciuperci hribi atent selec\u021biona\u021bi, recolta\u021bi \u00een momentul optim \u0219i conserva\u021bi printr-un proces delicat de liofilizare. Astfel, \u00ee\u0219i p\u0103streaz\u0103 aroma intens\u0103, gustul plin \u0219i caracteristic \u0219i nutrien\u021bii naturali, \u00eentr-o textur\u0103 u\u0219oar\u0103 \u0219i crocant\u0103.<\/p>\n","protected":false},"featured_media":11580,"template":"","meta":[],"product_brand":[],"product_cat":[146],"product_tag":[211],"class_list":{"0":"post-12634","1":"product","2":"type-product","3":"status-publish","4":"has-post-thumbnail","6":"product_cat-ciuperci","7":"product_tag-hribi-ro","9":"first","10":"instock","11":"shipping-taxable","12":"purchasable","13":"product-type-variable"},"_links":{"self":[{"href":"https:\/\/relyberry.com\/ro\/wp-json\/wp\/v2\/product\/12634","targetHints":{"allow":["GET"]}}],"collection":[{"href":"https:\/\/relyberry.com\/ro\/wp-json\/wp\/v2\/product"}],"about":[{"href":"https:\/\/relyberry.com\/ro\/wp-json\/wp\/v2\/types\/product"}],"wp:featuredmedia":[{"embeddable":true,"href":"https:\/\/relyberry.com\/ro\/wp-json\/wp\/v2\/media\/11580"}],"wp:attachment":[{"href":"https:\/\/relyberry.com\/ro\/wp-json\/wp\/v2\/media?parent=12634"}],"wp:term":[{"taxonomy":"product_brand","embeddable":true,"href":"https:\/\/relyberry.com\/ro\/wp-json\/wp\/v2\/product_brand?post=12634"},{"taxonomy":"product_cat","embeddable":true,"href":"https:\/\/relyberry.com\/ro\/wp-json\/wp\/v2\/product_cat?post=12634"},{"taxonomy":"product_tag","embeddable":true,"href":"https:\/\/relyberry.com\/ro\/wp-json\/wp\/v2\/product_tag?post=12634"}],"curies":[{"name":"wp","href":"https:\/\/api.w.org\/{rel}","templated":true}]}}