{"id":7160,"date":"2025-01-27T14:15:45","date_gmt":"2025-01-27T14:15:45","guid":{"rendered":"https:\/\/rely.prismasolutions.ro\/product\/fructe-liofilizate-de-capsuni\/"},"modified":"2026-04-14T14:20:37","modified_gmt":"2026-04-14T14:20:37","slug":"capsuni","status":"publish","type":"product","link":"https:\/\/relyberry.com\/ro\/product\/capsuni\/","title":{"rendered":"C\u0103p\u0219uni Liofilizate Felii"},"content":{"rendered":"<p>C\u0103p\u0219unile liofilizate sunt fructe 100% naturale, liofilizate, care capteaz\u0103 gustul dulce, picant \u0219i culoarea vibrant\u0103 a c\u0103p\u0219unilor proaspete. U\u0219oare \u0219i stabile la raft, aceste fructe de p\u0103dure sunt pline de vitamine, antioxidan\u021bi \u0219i fibre, oferind o op\u021biune nutritiv\u0103 \u0219i delicioas\u0103 pentru gust\u0103ri, coacere sau ad\u0103ugare la cereale \u0219i smoothie-uri. F\u0103r\u0103 adaos de zah\u0103r sau conservan\u021bi, acestea ofer\u0103 bun\u0103tate pur\u0103 de c\u0103p\u0219uni \u00een fiecare mu\u0219c\u0103tur\u0103.<\/p>\n","protected":false},"excerpt":{"rendered":"<p>C\u0103p\u0219unile liofilizate sunt fructe dulci, liofilizate, pline de arom\u0103. Perfect pentru gust\u0103ri, coacere sau smoothie-uri &#8211; pur \u0219i f\u0103r\u0103 aditivi!<\/p>\n","protected":false},"featured_media":11328,"template":"","meta":[],"product_brand":[200],"product_cat":[145],"product_tag":[135],"class_list":{"0":"post-7160","1":"product","2":"type-product","3":"status-publish","4":"has-post-thumbnail","6":"product_brand-rely-ro","7":"product_cat-fructe","8":"product_tag-capsuna","10":"first","11":"instock","12":"shipping-taxable","13":"purchasable","14":"product-type-variable","15":"has-default-attributes"},"_links":{"self":[{"href":"https:\/\/relyberry.com\/ro\/wp-json\/wp\/v2\/product\/7160","targetHints":{"allow":["GET"]}}],"collection":[{"href":"https:\/\/relyberry.com\/ro\/wp-json\/wp\/v2\/product"}],"about":[{"href":"https:\/\/relyberry.com\/ro\/wp-json\/wp\/v2\/types\/product"}],"wp:featuredmedia":[{"embeddable":true,"href":"https:\/\/relyberry.com\/ro\/wp-json\/wp\/v2\/media\/11328"}],"wp:attachment":[{"href":"https:\/\/relyberry.com\/ro\/wp-json\/wp\/v2\/media?parent=7160"}],"wp:term":[{"taxonomy":"product_brand","embeddable":true,"href":"https:\/\/relyberry.com\/ro\/wp-json\/wp\/v2\/product_brand?post=7160"},{"taxonomy":"product_cat","embeddable":true,"href":"https:\/\/relyberry.com\/ro\/wp-json\/wp\/v2\/product_cat?post=7160"},{"taxonomy":"product_tag","embeddable":true,"href":"https:\/\/relyberry.com\/ro\/wp-json\/wp\/v2\/product_tag?post=7160"}],"curies":[{"name":"wp","href":"https:\/\/api.w.org\/{rel}","templated":true}]}}