{"id":7762,"date":"2025-05-30T20:40:00","date_gmt":"2025-05-30T20:40:00","guid":{"rendered":"https:\/\/rely.prismasolutions.ro\/?post_type=product&#038;p=7762"},"modified":"2026-03-30T17:48:12","modified_gmt":"2026-03-30T17:48:12","slug":"zmeura","status":"publish","type":"product","link":"https:\/\/relyberry.com\/ro\/product\/zmeura\/","title":{"rendered":"Zmeur\u0103 Liofilizat\u0103"},"content":{"rendered":"<p>Realizate f\u0103r\u0103 adaos de zah\u0103r sau conservan\u021bi, acestea ofer\u0103 esen\u021ba pur\u0103 a fructelor &#8211; f\u0103r\u0103 compromisuri.<\/p>\n<p>Alternativa perfect\u0103 la zmeura proasp\u0103t\u0103, sunt ideale pentru momentele \u00een care ai poft\u0103 de o gustare s\u0103n\u0103toas\u0103 sau cau\u021bi un ingredient inspira\u021bional \u00een buc\u0103t\u0103rie.<\/p>\n<p><strong>De ce le vei iubi:<\/strong><br \/>\n&#8211; 100% zmeur\u0103 natural\u0103<br \/>\n&#8211; Bogate \u00een antioxidan\u021bi \u0219i vitamina C<br \/>\n&#8211; Crocante, dar pline de savoare<br \/>\n&#8211; Perfecte pentru decorarea deserturilor, micilor-dejunuri sau b\u0103uturilor<br \/>\n&#8211; Termen lung de valabilitate &#8211; \u00eentotdeauna gata c\u00e2nd e\u0219ti<\/p>\n","protected":false},"excerpt":{"rendered":"<h6>Gustul vibrant al verii, pe tot parcursul anului<\/h6>\n<p>Zmeur\u0103 ro\u0219ie intens\u0103, coapt\u0103 la soare, care surprinde tot ce are natura mai bun. Datorit\u0103 unui proces bl\u00e2nd de liofilizare, \u00ee\u0219i p\u0103streaz\u0103 culoarea str\u0103lucitoare, gustul dulce-acri\u0219or distinctiv \u0219i nutrien\u021bii valoro\u0219i &#8211; toate acestea fiind \u00eenvelite \u00eentr-o textur\u0103 u\u0219oar\u0103, delicios de crocant\u0103.<\/p>\n","protected":false},"featured_media":11325,"template":"","meta":[],"product_brand":[],"product_cat":[145],"product_tag":[171],"class_list":{"0":"post-7762","1":"product","2":"type-product","3":"status-publish","4":"has-post-thumbnail","6":"product_cat-fructe","7":"product_tag-zmeura-liofilizata","9":"first","10":"instock","11":"shipping-taxable","12":"purchasable","13":"product-type-variable","14":"has-default-attributes"},"_links":{"self":[{"href":"https:\/\/relyberry.com\/ro\/wp-json\/wp\/v2\/product\/7762","targetHints":{"allow":["GET"]}}],"collection":[{"href":"https:\/\/relyberry.com\/ro\/wp-json\/wp\/v2\/product"}],"about":[{"href":"https:\/\/relyberry.com\/ro\/wp-json\/wp\/v2\/types\/product"}],"wp:featuredmedia":[{"embeddable":true,"href":"https:\/\/relyberry.com\/ro\/wp-json\/wp\/v2\/media\/11325"}],"wp:attachment":[{"href":"https:\/\/relyberry.com\/ro\/wp-json\/wp\/v2\/media?parent=7762"}],"wp:term":[{"taxonomy":"product_brand","embeddable":true,"href":"https:\/\/relyberry.com\/ro\/wp-json\/wp\/v2\/product_brand?post=7762"},{"taxonomy":"product_cat","embeddable":true,"href":"https:\/\/relyberry.com\/ro\/wp-json\/wp\/v2\/product_cat?post=7762"},{"taxonomy":"product_tag","embeddable":true,"href":"https:\/\/relyberry.com\/ro\/wp-json\/wp\/v2\/product_tag?post=7762"}],"curies":[{"name":"wp","href":"https:\/\/api.w.org\/{rel}","templated":true}]}}